{"id":838,"date":"2023-01-09T01:18:37","date_gmt":"2023-01-09T00:18:37","guid":{"rendered":"https:\/\/svb-tt.de\/?page_id=838"},"modified":"2023-01-09T01:18:39","modified_gmt":"2023-01-09T00:18:39","slug":"deutsche-seniorenmeisterschaften-2013","status":"publish","type":"page","link":"https:\/\/svb-tt.de\/index.php\/deutsche-seniorenmeisterschaften-2013\/","title":{"rendered":"Deutsche Seniorenmeisterschaften 2013"},"content":{"rendered":"\n<p><strong><em>&#8211; 20. und 21. April 2012 &#8211;<\/em><\/strong><\/p>\n\n\n\n<div class=\"wp-block-jetpack-tiled-gallery aligncenter is-style-rectangular\"><div class=\"tiled-gallery__gallery\"><div class=\"tiled-gallery__row\"><div class=\"tiled-gallery__col\" style=\"flex-basis:29.01010%\"><figure class=\"tiled-gallery__item\"><img decoding=\"async\" alt=\"\" data-height=\"400\" data-id=\"879\" data-link=\"https:\/\/svb-tt.de\/sen2013-halle\/\" data-url=\"https:\/\/svb-tt.de\/wp-content\/uploads\/2023\/01\/sen2013-halle.jpg\" data-width=\"600\" src=\"https:\/\/i2.wp.com\/svb-tt.de\/wp-content\/uploads\/2023\/01\/sen2013-halle.jpg?ssl=1\" data-amp-layout=\"responsive\"\/><\/figure><\/div><div class=\"tiled-gallery__col\" style=\"flex-basis:29.01010%\"><figure class=\"tiled-gallery__item\"><img decoding=\"async\" alt=\"\" data-height=\"400\" data-id=\"882\" data-link=\"https:\/\/svb-tt.de\/?attachment_id=882\" data-url=\"https:\/\/svb-tt.de\/wp-content\/uploads\/2023\/01\/sen2013-abendver-1.jpg\" data-width=\"600\" src=\"https:\/\/i0.wp.com\/svb-tt.de\/wp-content\/uploads\/2023\/01\/sen2013-abendver-1.jpg?ssl=1\" data-amp-layout=\"responsive\"\/><\/figure><\/div><div class=\"tiled-gallery__col\" style=\"flex-basis:12.96971%\"><figure class=\"tiled-gallery__item\"><img decoding=\"async\" alt=\"\" data-height=\"900\" data-id=\"883\" data-link=\"https:\/\/svb-tt.de\/?attachment_id=883\" data-url=\"https:\/\/svb-tt.de\/wp-content\/uploads\/2023\/01\/sen2013-ristig-ehrung-1.jpg\" data-width=\"600\" src=\"https:\/\/i2.wp.com\/svb-tt.de\/wp-content\/uploads\/2023\/01\/sen2013-ristig-ehrung-1.jpg?ssl=1\" data-amp-layout=\"responsive\"\/><\/figure><\/div><div class=\"tiled-gallery__col\" style=\"flex-basis:29.01010%\"><figure class=\"tiled-gallery__item\"><img decoding=\"async\" alt=\"\" data-height=\"400\" data-id=\"884\" data-link=\"https:\/\/svb-tt.de\/?attachment_id=884\" data-url=\"https:\/\/svb-tt.de\/wp-content\/uploads\/2023\/01\/sen2013-ristig-watermann-1.jpg\" data-width=\"600\" src=\"https:\/\/i0.wp.com\/svb-tt.de\/wp-content\/uploads\/2023\/01\/sen2013-ristig-watermann-1.jpg?ssl=1\" data-amp-layout=\"responsive\"\/><\/figure><\/div><\/div><\/div><\/div>\n\n\n\n<p><strong>Unser Meisterst\u00fcck\u2026.<\/strong><\/p>\n\n\n\n<p>Die Ausrichtung der 34. Deutschen Einzelmeisterschaften der Senioren im Tischtennis Pfingsten 2013 in der Seidenstickerhalle in Bielefeld<\/p>\n\n\n\n<p>&nbsp;Viele von uns hatten es gehofft und gew\u00fcnscht, manche hatten es bef\u00fcrchtet, doch im M\u00e4rz 2012 war es soweit. Wir bekamen Post vom DTTB und damit die offizielle Zusage f\u00fcr die Ausrichtung der Deutschen Tischtennis-Einzelmeisterschaften der Senioren im Jahr 2013.<\/p>\n\n\n\n<p>Nat\u00fcrlich hatten wir in den letzten Jahren schon viel Erfahrung mit der Organisation von Gro\u00dfveranstaltungen gesammelt. Schlie\u00dflich hatten wir schon die Westdeutschen Einzelmeisterschaften und die Mannschaftsmeisterschaften der Senioren und auch die Deutschen Meisterschaften der Rollis ausgerichtet. Aber dies war doch eine ganz andere Nummer. Schlie\u00dflich sollte eine Veranstaltung mit 500 Aktiven \u00fcber 4 Tage organisiert und in dieser Zeit den Aktiven und Funktion\u00e4ren optimale Rahmenbedingungen geboten werden. Eine wahre Mammutaufgabe f\u00fcr eine kleine Abteilung mit gerade mal 120 Mitgliedern.<\/p>\n\n\n\n<p>Und so begannen mehr als ein Jahr vor dem offiziellen Beginn die Planungen und Vorbereitungen in vollen Z\u00fcgen. Mit der Seidenstickerhalle hatten wir uns allerdings schon rechtzeitig den optimalen Austragungsort gesichert. An 34 Tischen konnten hier alle Konkurrenzen unter einem Dach ausgetragen werden und die gro\u00dfz\u00fcgige Trib\u00fcnenanlage bot mehr als ausreichend Platz f\u00fcr die Spieler und die Zuschauer. Aber es galt auch 1200 \u00dcbernachtungen w\u00e4hrend der Tuniertage, das Catering, die Players-Night, den Auf- und Abbau vor und nach der Veranstaltung, das Schiedsrichterwesen und noch so viele andere Sachen zu organisieren.<\/p>\n\n\n\n<p>Das Jahr der Vorbereitung verging jedenfalls mit zahlreichen Organisationssitzungen, dem Aufstellen unz\u00e4hliger Helferpl\u00e4ne und der Koordination mit den Verantwortlichen des DTTB wie im Fluge und die Unterst\u00fctzung und zugesagte Hilfe aller unserer Vereinsmitglieder lie\u00df uns dem Beginn der Deutschen mit gro\u00dfem Optimismus entgegensehen.<\/p>\n\n\n\n<p>Am Donnerstag und Freitag vor Pfingsten begann dann die hei\u00dfe Phase der Veranstaltung mit den Vorbereitungen in der Seidenstickerhalle. Um aber 34 Tischen aufbauen zu k\u00f6nnen musste aber erst noch auf einem Teil der Laufbahn 600 m\u00b2 Parkett verlegt werden, bevor dann alle Spielboxen aufgebaut werden konnten. Auch im Rest&nbsp; der Halle sorgten zahlreiche helfende H\u00e4nde daf\u00fcr, dass sich am sp\u00e4ten Freitagnachmittag, den nun eintreffenden Aktiven, ein Hallenanblick bot, der einer Deutschen Meisterschaft einen mehr als w\u00fcrdigen Rahmen gab. Das jetzt schon aufkommende Lob f\u00fcr das tolle Umfeld lie\u00df die sicherlich zuvor zahlreich vergossenen Schwei\u00dfperlen der letzten beiden Tage schon fast vergessen.<\/p>\n\n\n\n<p>Der nun folgende Pfingstsamstag und Pfingstsonntag geh\u00f6rten dann erst einmal dem Sport. Nach der offiziellen Er\u00f6ffnung durch die stellvertretende B\u00fcrgermeisterin der Stadt Bielefeld zeigten die Aktiven in allen Altersklassen durch gro\u00dfartige sportliche Leistungen in Form toller Ballwechsel und fantastischer k\u00e4mpferischer Leistungen, warum sie in ihren jeweiligen Altersklassen zu den besten Spielern Deutschlands geh\u00f6rten. Auch die Zuschauer kamen bei den jederzeit von Fairness gepr\u00e4gten Spielen&nbsp; voll auf ihre Kosten. Ja und wir Organisatoren lernten in dieser Zeit viele neue und nette Spieler und Betreuer kennen, die uns unsere Arbeit durch ihr Entgegenkommen immer wieder erleichterten und mit denen wir im Laufe der Veranstaltung viel Spa\u00df zusammen hatten.<\/p>\n\n\n\n<p>H\u00f6hepunkt dieser gesellschaftlichen Aktivit\u00e4ten war dann sicherlich die Players-Night am Pfingstsonntag im gro\u00dfen Saal der Ravensberger Spinnerei. &nbsp;Mehr als 300 Teilnehmer lie\u00dfen sich an diesem Abend vom zauberhaften Ambiente des historischen Geb\u00e4udes verzaubern und die kulinarischen K\u00f6stlichkeiten des angebotenen Buffets sowie ein gl\u00e4nzend aufgelegter DJ sorgten f\u00fcr alle f\u00fcr einen sicherlich unvergesslichen Abend. Bei ausgelassener Stimmung wurde bis tief in die Nacht getanzt und gefeiert. Noch heute d\u00fcrfen die Teilnehmer bewundert werden, die am n\u00e4chsten Morgen ja wieder rechtzeitig fit in der Halle sein mussten, da an diesem Tag schlie\u00dflich die Titel ausgespielt wurden. Denn der Pfingstmontag war der Tag der Endspiele.<\/p>\n\n\n\n<p>Und dieser Tag hielt f\u00fcr uns ein besonderes Bonbon bereit. Denn mit Dieter Ristig konnten wir einen Brackweder als Deutschen Meister feiern. Zusammen mit seinem Partner Ulrich Watermann gewann er in der Doppelkonkurrenz der Senioren 50 Klasse nach einem spannenden Endspiel unter gro\u00dfem Jubel der zahlreichen heimischen Zuschauer den Titel. Dies war somit der kr\u00f6nende Abschluss nach drei wirklich unvergesslichen Tagen und leise Wehmut beschlich uns als sich die Teilnehmer am Montagabend verabschiedeten und sich auf den Heimweg machten.<\/p>\n\n\n\n<p>Besonders freuten wir uns \u00fcber ihre vielen positiven Reaktionen, die uns auch noch in den Tagen nach der Veranstaltung erreichten und die uns zeigten, dass sich der betriebene Aufwand wirklich gelohnt hatte. Und im n\u00e4chsten Jahr gibt es mit vielen sicherlich von Ihnen ein Wiedersehen. Denn in diesen Tagen erreichte uns wieder Post vom DTTB. Auch die Deutschen Meisterschaften im n\u00e4chsten Jahr werden aufgrund der unglaublich positiven Resonanz wieder in Bielefeld stattfinden.<\/p>\n\n\n\n<p>Also: \u201eMachs noch einmal Sam\u201c\u2026.<\/p>\n\n\n\n<p><em>Quelle: Stephan Abke<\/em><\/p>\n","protected":false},"excerpt":{"rendered":"<p>&#8211; 20. und 21. April 2012 &#8211; Unser Meisterst\u00fcck\u2026. Die Ausrichtung der 34. Deutschen Einzelmeisterschaften der Senioren im Tischtennis Pfingsten 2013 in der Seidenstickerhalle in Bielefeld &nbsp;Viele von uns hatten &hellip; <\/p>\n","protected":false},"author":1,"featured_media":0,"parent":0,"menu_order":0,"comment_status":"closed","ping_status":"closed","template":"","meta":{"footnotes":""},"class_list":["post-838","page","type-page","status-publish","hentry"],"_links":{"self":[{"href":"https:\/\/svb-tt.de\/index.php\/wp-json\/wp\/v2\/pages\/838","targetHints":{"allow":["GET"]}}],"collection":[{"href":"https:\/\/svb-tt.de\/index.php\/wp-json\/wp\/v2\/pages"}],"about":[{"href":"https:\/\/svb-tt.de\/index.php\/wp-json\/wp\/v2\/types\/page"}],"author":[{"embeddable":true,"href":"https:\/\/svb-tt.de\/index.php\/wp-json\/wp\/v2\/users\/1"}],"replies":[{"embeddable":true,"href":"https:\/\/svb-tt.de\/index.php\/wp-json\/wp\/v2\/comments?post=838"}],"version-history":[{"count":1,"href":"https:\/\/svb-tt.de\/index.php\/wp-json\/wp\/v2\/pages\/838\/revisions"}],"predecessor-version":[{"id":885,"href":"https:\/\/svb-tt.de\/index.php\/wp-json\/wp\/v2\/pages\/838\/revisions\/885"}],"wp:attachment":[{"href":"https:\/\/svb-tt.de\/index.php\/wp-json\/wp\/v2\/media?parent=838"}],"curies":[{"name":"wp","href":"https:\/\/api.w.org\/{rel}","templated":true}]}}