{"id":2248,"date":"2023-01-10T03:47:39","date_gmt":"2023-01-10T02:47:39","guid":{"rendered":"https:\/\/svb-tt.de\/?page_id=2248"},"modified":"2024-03-23T01:34:44","modified_gmt":"2024-03-23T00:34:44","slug":"das-team","status":"publish","type":"page","link":"https:\/\/svb-tt.de\/index.php\/das-team\/","title":{"rendered":"Das Team"},"content":{"rendered":"\n<figure class=\"wp-block-image size-full\"><img loading=\"lazy\" decoding=\"async\" width=\"2048\" height=\"1365\" src=\"https:\/\/svb-tt.de\/wp-content\/uploads\/2024\/03\/1-mannschaft-23-24.jpeg\" alt=\"\" class=\"wp-image-2711\" srcset=\"https:\/\/svb-tt.de\/wp-content\/uploads\/2024\/03\/1-mannschaft-23-24.jpeg 2048w, https:\/\/svb-tt.de\/wp-content\/uploads\/2024\/03\/1-mannschaft-23-24-300x200.jpeg 300w, https:\/\/svb-tt.de\/wp-content\/uploads\/2024\/03\/1-mannschaft-23-24-1024x683.jpeg 1024w, https:\/\/svb-tt.de\/wp-content\/uploads\/2024\/03\/1-mannschaft-23-24-768x512.jpeg 768w, https:\/\/svb-tt.de\/wp-content\/uploads\/2024\/03\/1-mannschaft-23-24-1536x1024.jpeg 1536w\" sizes=\"auto, (max-width: 2048px) 100vw, 2048px\" \/><\/figure>\n\n\n\n<figure class=\"wp-block-table\"><table><tbody><tr><td><img decoding=\"async\" src=\"https:\/\/svb-tt.de\/wp-content\/uploads\/2023\/01\/Stefan-Hoeppner.png\" alt=\"\"><\/td><td><strong><u>SVB-Steckbrief: Stefan H\u00f6ppner, Nummer 1<\/u><\/strong><br><strong>Geburtsdatum:<\/strong> 08.02.1989<br><strong>Nationalit\u00e4t:<\/strong> Deutsch<br><strong>Gr\u00f6\u00dfe:<\/strong> 1,86<br><strong>Gewicht:<\/strong> 85<br><strong>Beruf:<\/strong> Data Analyst<br><strong>Hobbies: <\/strong>nat\u00fcrlich Tischtennis<br><strong>Seit wann beim SV Brackwede:<\/strong> 2008<br><strong>Vorherige Vereine:<\/strong> TuS Viktoria Rietberg, TuS Quelle, TTSV-Schloss Holte-Sende, SV Spexard, <br>TTC Altena<br><strong>Gr\u00f6\u00dfter Erfolg:<\/strong> Westdeutscher Jugendmeister 2006<br><strong>Schlaghand:<\/strong> Rechts<br><strong>Material:<\/strong><br><strong>Holz: <\/strong>Timo Boll ZLC<br><strong>Belag (VH\/RH):<\/strong> BlueStorm Z1<br><strong>Pers\u00f6nliches Saisonziel: <\/strong>Meisterschaft<br><strong>Ziel mit der Mannschaft: <\/strong>Meisterschaft<\/td><\/tr><tr><td><img decoding=\"async\" src=\"https:\/\/svb-tt.de\/wp-content\/uploads\/2023\/01\/Nico-Bohlmann.png\" alt=\"\"><\/td><td><strong><u>SVB-Steckbrief Nico Bohlmann, Nummer 2<\/u><\/strong><br><strong>Geburtsdatum:<\/strong> 13.06.1997<br><strong>Nationalit\u00e4t:<\/strong> Deutsch<br><strong>Gr\u00f6\u00dfe:<\/strong> 178 cm<br><strong>Gewicht:<\/strong> 70 kg<br><strong>Beruf:<\/strong> angehender Lehrer<br><strong>Hobbies: <\/strong>Sport<br><strong>Seit wann beim SV Brackwede:<\/strong> Sommer 2021<br><strong>Vorherige Vereine:<\/strong> DJK BW Avenwedde und SF Oesede<br><strong>Gr\u00f6\u00dfter Erfolg:<\/strong> Teilnahme an den Deutschen Meisterschaften im Jugendbereich<br><strong>Schlaghand:<\/strong> rechts<br><strong>Material:<\/strong><br><strong>Holz: <\/strong>Joola TPE Fight<br><strong>Belag (VH\/RH):<\/strong> Donic Bluefire M1<br><strong>Pers\u00f6nliches Saisonziel: <\/strong>Priorit\u00e4t hat ganz klar das Ziel mit der Mannschaft, wozu ich nat\u00fcrlich mit einer \u00e4hnlich guten Bilanz wie in den vergangenen Jahren beitragen m\u00f6chte!<br><strong>Ziel mit der Mannschaft: <\/strong>Aufstieg!<\/td><\/tr><tr><td><img decoding=\"async\" src=\"https:\/\/svb-tt.de\/wp-content\/uploads\/2023\/01\/Christian-Reichelt.png\" alt=\"\"><\/td><td><strong><u>SVB-Steckbrief: Christian Reichelt, Nummer 3<\/u><\/strong><br><strong>Geburtsdatum:<\/strong> 25.02.1990<br><strong>Nationalit\u00e4t:<\/strong> deutsch<br><strong>Gr\u00f6\u00dfe:<\/strong> 182 cm<br><strong>Gewicht:<\/strong> 80 kg<br><strong>Beruf:<\/strong> Lehrer<br><strong>Hobbies:<\/strong> Fitness, Freunde, Urlaub<br><strong>Seit wann beim SV Brackwede:<\/strong> Wieder seit Sommer 2021, vorher schon 2014\/2015<br><strong>Vorherige Vereine:<\/strong> Borussia Dortmund, TTS Detmold, SC Wever 2000, SC Bad Salzuflen, Tus Helpup<br><strong>Gr\u00f6\u00dfter Erfolg:<\/strong> Bezirksmeister OWL &amp; Arnsberg, Westdeutscher Jugendmeister im Doppel<br><strong>Schlaghand:<\/strong> rechts<br><strong>Material:<\/strong><br><strong>Holz:<\/strong> Primorac Off-<br><strong>Belag (VH\/RH):<\/strong> Xiom Omega IV<br><strong>Pers\u00f6nliches Saisonziel:<\/strong> ungeschlagen bleiben<br><strong>Ziel mit der Mannschaft:<\/strong> Platz 1<\/td><\/tr><tr><td><img decoding=\"async\" src=\"https:\/\/svb-tt.de\/wp-content\/uploads\/2022\/12\/Platzhalter_Mann.gif\" alt=\"\" style=\"width: 700px;\"><\/td><td><strong><u>SVB-Steckbrief: Yorrick Michaelis, Nummer 4<\/u><\/strong><br><strong>Geburtsdatum:<\/strong> <br><strong>Nationalit\u00e4t:<\/strong> <br><strong>Gr\u00f6\u00dfe:<\/strong> <br><strong>Gewicht:<\/strong> <br><strong>Beruf:<\/strong> <br><strong>Hobbies: <\/strong><br><strong>Seit wann beim SV Brackwede:<\/strong> <br><strong>Vorherige Vereine:<\/strong> <br><strong>Gr\u00f6\u00dfter Erfolg:<\/strong> <br><strong>Schlaghand:<\/strong> <br><strong>Material:<\/strong><br><strong>Holz: <\/strong><br><strong>Belag (VH\/RH):<\/strong> <br><strong>Pers\u00f6nliches Saisonziel:<\/strong><br><strong>Ziel mit der Mannschaft: <\/strong> <\/td><\/tr><\/tbody><\/table><\/figure>\n","protected":false},"excerpt":{"rendered":"<p>SVB-Steckbrief: Stefan H\u00f6ppner, Nummer 1Geburtsdatum: 08.02.1989Nationalit\u00e4t: DeutschGr\u00f6\u00dfe: 1,86Gewicht: 85Beruf: Data AnalystHobbies: nat\u00fcrlich TischtennisSeit wann beim SV Brackwede: 2008Vorherige Vereine: TuS Viktoria Rietberg, TuS Quelle, TTSV-Schloss Holte-Sende, SV Spexard, TTC AltenaGr\u00f6\u00dfter &hellip; <\/p>\n","protected":false},"author":1,"featured_media":0,"parent":0,"menu_order":0,"comment_status":"closed","ping_status":"closed","template":"","meta":{"footnotes":""},"class_list":["post-2248","page","type-page","status-publish","hentry"],"_links":{"self":[{"href":"https:\/\/svb-tt.de\/index.php\/wp-json\/wp\/v2\/pages\/2248","targetHints":{"allow":["GET"]}}],"collection":[{"href":"https:\/\/svb-tt.de\/index.php\/wp-json\/wp\/v2\/pages"}],"about":[{"href":"https:\/\/svb-tt.de\/index.php\/wp-json\/wp\/v2\/types\/page"}],"author":[{"embeddable":true,"href":"https:\/\/svb-tt.de\/index.php\/wp-json\/wp\/v2\/users\/1"}],"replies":[{"embeddable":true,"href":"https:\/\/svb-tt.de\/index.php\/wp-json\/wp\/v2\/comments?post=2248"}],"version-history":[{"count":7,"href":"https:\/\/svb-tt.de\/index.php\/wp-json\/wp\/v2\/pages\/2248\/revisions"}],"predecessor-version":[{"id":2713,"href":"https:\/\/svb-tt.de\/index.php\/wp-json\/wp\/v2\/pages\/2248\/revisions\/2713"}],"wp:attachment":[{"href":"https:\/\/svb-tt.de\/index.php\/wp-json\/wp\/v2\/media?parent=2248"}],"curies":[{"name":"wp","href":"https:\/\/api.w.org\/{rel}","templated":true}]}}